{"id":73,"date":"2020-01-13T11:08:58","date_gmt":"2020-01-13T11:08:58","guid":{"rendered":"https:\/\/demosites.io\/web-agency\/?page_id=5"},"modified":"2022-12-20T17:18:35","modified_gmt":"2022-12-20T20:18:35","slug":"d41d8-web-agency-home","status":"publish","type":"page","link":"https:\/\/www.celeirosaudeocupacional.com.br\/","title":{"rendered":"Home"},"content":{"rendered":"\t\t<div data-elementor-type=\"wp-page\" data-elementor-id=\"73\" class=\"elementor elementor-73\">\n\t\t\t\t\t\t<section class=\"elementor-section elementor-top-section elementor-element elementor-element-bd80df9 elementor-section-height-full elementor-section-full_width elementor-section-content-middle elementor-section-height-default elementor-section-items-middle\" data-id=\"bd80df9\" data-element_type=\"section\" data-settings=\"{&quot;background_background&quot;:&quot;classic&quot;}\">\n\t\t\t\t\t\t\t<div class=\"elementor-background-overlay\"><\/div>\n\t\t\t\t\t\t\t<div class=\"elementor-container elementor-column-gap-no\">\n\t\t\t\t\t<div class=\"elementor-column elementor-col-100 elementor-top-column elementor-element elementor-element-d2eaf56\" data-id=\"d2eaf56\" data-element_type=\"column\">\n\t\t\t<div class=\"elementor-widget-wrap elementor-element-populated\">\n\t\t\t\t\t\t<div class=\"elementor-element elementor-element-0150a2a elementor-widget elementor-widget-heading\" data-id=\"0150a2a\" data-element_type=\"widget\" data-widget_type=\"heading.default\">\n\t\t\t\t<div class=\"elementor-widget-container\">\n\t\t\t\t\t<h1 class=\"elementor-heading-title elementor-size-default\">Celeiro Sa\u00fade Ocupacional<\/h1>\t\t\t\t<\/div>\n\t\t\t\t<\/div>\n\t\t\t\t<div class=\"elementor-element elementor-element-381cc20 elementor-widget elementor-widget-hfe-site-tagline\" data-id=\"381cc20\" data-element_type=\"widget\" data-settings=\"{&quot;heading_text_align&quot;:&quot;center&quot;}\" data-widget_type=\"hfe-site-tagline.default\">\n\t\t\t\t<div class=\"elementor-widget-container\">\n\t\t\t\t\t\t\t<div class=\"hfe-site-tagline hfe-site-tagline-wrapper\">\n\t\t\t\t\t\t<span>\n\t\t\tEspecializada em Medicina e Seguran\u00e7a do Trabalho\t\t\t\t\t\t\t\t\t<\/span>\n\t\t<\/div>\n\t\t\t\t\t\t<\/div>\n\t\t\t\t<\/div>\n\t\t\t\t\t<\/div>\n\t\t<\/div>\n\t\t\t\t\t<\/div>\n\t\t<\/section>\n\t\t\t\t<section class=\"elementor-section elementor-top-section elementor-element elementor-element-1fd5ee2 elementor-section-height-full elementor-section-boxed elementor-section-height-default elementor-section-items-middle\" data-id=\"1fd5ee2\" data-element_type=\"section\" data-settings=\"{&quot;background_background&quot;:&quot;classic&quot;}\">\n\t\t\t\t\t\t<div class=\"elementor-container elementor-column-gap-no\">\n\t\t\t\t\t<div class=\"elementor-column elementor-col-100 elementor-top-column elementor-element elementor-element-5a23de7\" data-id=\"5a23de7\" data-element_type=\"column\">\n\t\t\t<div class=\"elementor-widget-wrap elementor-element-populated\">\n\t\t\t\t\t\t<div class=\"elementor-element elementor-element-84a2e9d elementor-widget elementor-widget-text-editor\" data-id=\"84a2e9d\" data-element_type=\"widget\" data-widget_type=\"text-editor.default\">\n\t\t\t\t<div class=\"elementor-widget-container\">\n\t\t\t\t\t\t\t\t\t<h3>&nbsp;<\/h3>\n<h3 style=\"text-align: center;\">Empresas e Colaboradores<\/h3>\n<div><\/div>\n<p><\/p>\n<p>Conforme regramento previsto pela CLT, uma empresa deve implementar todas as normas de seguran\u00e7a e&nbsp;medicina do trabalho, e tamb\u00e9m, ensinar os colaboradores&nbsp;a tomarem todas as medidas para prevenir acidentes ou doen\u00e7as ocupacionais. Al\u00e9m disso, devem observar todas as medidas especificadas pelos \u00f3rg\u00e3os regionais e contribuir com a fiscaliza\u00e7\u00e3o da autoridade respons\u00e1vel.<\/p>\n<p>J\u00e1 os empregados, devem observar se as normas est\u00e3o sendo cumpridas e colaborar com a utiliza\u00e7\u00e3o, quando solicitado, de equipamento de prote\u00e7\u00e3o individual seguindo todas as instru\u00e7\u00f5es e treinamentos oferecidos pela empresa.<\/p>\n<p>\u00c9 poss\u00edvel citar alguns programas relacionados a inclus\u00e3o dos trabalhadores e sua prote\u00e7\u00e3o tais como, o Programa de Gest\u00e3o de Quest\u00f5es Relativas \u00e0 Defici\u00eancia no Local de Trabalho (PPRS), Programa de Controle M\u00e9dico de Sa\u00fade Ocupacional (PCMSO), Programa de Gerenciamento de Riscos (PGR), dentre outros. A implanta\u00e7\u00e3o dessas pol\u00edticas devem estar de acordo com a responsabilidade social da empresa, de modo que seja criado um modelo de trabalho que cumpra todos os requisitos de sa\u00fade e seguran\u00e7a do trabalho.<\/p>\n<p><\/p>\t\t\t\t\t\t\t\t<\/div>\n\t\t\t\t<\/div>\n\t\t\t\t<div class=\"elementor-element elementor-element-df3997c elementor-align-center elementor-widget elementor-widget-button\" data-id=\"df3997c\" data-element_type=\"widget\" data-widget_type=\"button.default\">\n\t\t\t\t<div class=\"elementor-widget-container\">\n\t\t\t\t\t\t\t\t\t<div class=\"elementor-button-wrapper\">\n\t\t\t\t\t<a class=\"elementor-button elementor-button-link elementor-size-md elementor-animation-grow\" href=\"https:\/\/www.celeirosaudeocupacional.com.br\/?page_id=144\">\n\t\t\t\t\t\t<span class=\"elementor-button-content-wrapper\">\n\t\t\t\t\t\t\t\t\t<span class=\"elementor-button-text\">Conhe\u00e7a-nos<\/span>\n\t\t\t\t\t<\/span>\n\t\t\t\t\t<\/a>\n\t\t\t\t<\/div>\n\t\t\t\t\t\t\t\t<\/div>\n\t\t\t\t<\/div>\n\t\t\t\t\t<\/div>\n\t\t<\/div>\n\t\t\t\t\t<\/div>\n\t\t<\/section>\n\t\t\t\t<\/div>\n\t\t","protected":false},"excerpt":{"rendered":"<p>Celeiro Sa\u00fade Ocupacional Especializada em Medicina e Seguran\u00e7a do Trabalho &nbsp; Empresas e Colaboradores Conforme regramento previsto pela CLT, uma empresa deve implementar todas as normas de seguran\u00e7a e&nbsp;medicina do trabalho, e tamb\u00e9m, ensinar os colaboradores&nbsp;a tomarem todas as medidas para prevenir acidentes ou doen\u00e7as ocupacionais. Al\u00e9m disso, devem observar todas as medidas especificadas pelos&hellip;&nbsp;<a href=\"https:\/\/www.celeirosaudeocupacional.com.br\/\" class=\"\" rel=\"bookmark\">Continue a ler &raquo;<span class=\"screen-reader-text\">Home<\/span><\/a><\/p>\n","protected":false},"author":1,"featured_media":0,"parent":0,"menu_order":0,"comment_status":"closed","ping_status":"closed","template":"page-templates\/template-pagebuilder-full-width.php","meta":{"neve_meta_sidebar":"full-width","neve_meta_container":"","neve_meta_enable_content_width":"on","neve_meta_content_width":100,"neve_meta_title_alignment":"","neve_meta_author_avatar":"","neve_post_elements_order":"","neve_meta_disable_header":"","neve_meta_disable_footer":"","neve_meta_disable_title":"","footnotes":""},"class_list":["post-73","page","type-page","status-publish","hentry"],"_links":{"self":[{"href":"https:\/\/www.celeirosaudeocupacional.com.br\/index.php?rest_route=\/wp\/v2\/pages\/73","targetHints":{"allow":["GET"]}}],"collection":[{"href":"https:\/\/www.celeirosaudeocupacional.com.br\/index.php?rest_route=\/wp\/v2\/pages"}],"about":[{"href":"https:\/\/www.celeirosaudeocupacional.com.br\/index.php?rest_route=\/wp\/v2\/types\/page"}],"author":[{"embeddable":true,"href":"https:\/\/www.celeirosaudeocupacional.com.br\/index.php?rest_route=\/wp\/v2\/users\/1"}],"replies":[{"embeddable":true,"href":"https:\/\/www.celeirosaudeocupacional.com.br\/index.php?rest_route=%2Fwp%2Fv2%2Fcomments&post=73"}],"version-history":[{"count":10,"href":"https:\/\/www.celeirosaudeocupacional.com.br\/index.php?rest_route=\/wp\/v2\/pages\/73\/revisions"}],"predecessor-version":[{"id":704,"href":"https:\/\/www.celeirosaudeocupacional.com.br\/index.php?rest_route=\/wp\/v2\/pages\/73\/revisions\/704"}],"wp:attachment":[{"href":"https:\/\/www.celeirosaudeocupacional.com.br\/index.php?rest_route=%2Fwp%2Fv2%2Fmedia&parent=73"}],"curies":[{"name":"wp","href":"https:\/\/api.w.org\/{rel}","templated":true}]}}